{"id":196,"date":"2025-04-26T01:02:54","date_gmt":"2025-04-26T01:02:54","guid":{"rendered":"https:\/\/colegiohectorpinochet.cl\/?page_id=196"},"modified":"2025-04-28T00:06:07","modified_gmt":"2025-04-28T00:06:07","slug":"mision-y-vision","status":"publish","type":"page","link":"https:\/\/colegiohectorpinochet.cl\/index.php\/mision-y-vision\/","title":{"rendered":"Misi\u00f3n y Visi\u00f3n"},"content":{"rendered":"\n<p><strong>Misi\u00f3n<\/strong><\/p>\n\n\n\n<p>Entregar una educaci\u00f3n gratuita de calidad, integral e inclusiva a la diversidad de estudiantes, inspirada en valores cristianos universales como el respeto, la solidaridad, la responsabilidad y la empat\u00eda. Nos comprometemos a formar personas positivas y alegres, seguras y confiadas en sus capacidades, responsables de sus decisiones y orientadas al bien com\u00fan, fomentando su desarrollo espiritual, emocional y acad\u00e9mico. Buscamos que, al t\u00e9rmino de su proceso de aprendizaje, los estudiantes ingresen a la educaci\u00f3n media en condiciones favorables, con una formaci\u00f3n que promueva el amor por el aprendizaje, el deporte, el arte y la cultura, trabajando en estrecha colaboraci\u00f3n con sus familias como parte fundamental del proceso de ense\u00f1anza-aprendizaje.<\/p>\n\n\n\n<p><strong>Visi\u00f3n <\/strong><\/p>\n\n\n\n<p>La Escuela Alcalde H\u00e9ctor Pinochet Cuello es una instituci\u00f3n laica y pluralista que, inspirada en los valores cristianos universales, se compromete con la formaci\u00f3n integral e inclusiva de ni\u00f1os y ni\u00f1as de la ciudad de Linares. Educamos con fe en las capacidades y habilidades que cada estudiante posee. Trabajamos junto a las familias para formar agentes responsables, aut\u00f3nomos, cr\u00edticos y comprometidos con el bien com\u00fan, desarrollando en ellos una visi\u00f3n esperanzadora y transformadora, que los inspire a contribuir con amor y justicia al libre y pleno desarrollo de su potencial y competencias, logrando as\u00ed una sociedad m\u00e1s equitativa e inclusiva.<\/p>\n","protected":false},"excerpt":{"rendered":"<p>Misi\u00f3n Entregar una educaci\u00f3n gratuita de calidad, integral e inclusiva a la diversidad de estudiantes, inspirada en valores cristianos universales [&hellip;]<\/p>\n","protected":false},"author":1,"featured_media":0,"parent":0,"menu_order":0,"comment_status":"closed","ping_status":"closed","template":"","meta":{"site-sidebar-layout":"default","site-content-layout":"","ast-site-content-layout":"","site-content-style":"default","site-sidebar-style":"default","ast-global-header-display":"","ast-banner-title-visibility":"","ast-main-header-display":"","ast-hfb-above-header-display":"","ast-hfb-below-header-display":"","ast-hfb-mobile-header-display":"","site-post-title":"","ast-breadcrumbs-content":"","ast-featured-img":"","footer-sml-layout":"","theme-transparent-header-meta":"","adv-header-id-meta":"","stick-header-meta":"","header-above-stick-meta":"","header-main-stick-meta":"","header-below-stick-meta":"","astra-migrate-meta-layouts":"default","ast-page-background-enabled":"default","ast-page-background-meta":{"desktop":{"background-color":"var(--ast-global-color-5)","background-image":"","background-repeat":"repeat","background-position":"center center","background-size":"auto","background-attachment":"scroll","background-type":"","background-media":"","overlay-type":"","overlay-color":"","overlay-opacity":"","overlay-gradient":""},"tablet":{"background-color":"","background-image":"","background-repeat":"repeat","background-position":"center center","background-size":"auto","background-attachment":"scroll","background-type":"","background-media":"","overlay-type":"","overlay-color":"","overlay-opacity":"","overlay-gradient":""},"mobile":{"background-color":"","background-image":"","background-repeat":"repeat","background-position":"center center","background-size":"auto","background-attachment":"scroll","background-type":"","background-media":"","overlay-type":"","overlay-color":"","overlay-opacity":"","overlay-gradient":""}},"ast-content-background-meta":{"desktop":{"background-color":"var(--ast-global-color-4)","background-image":"","background-repeat":"repeat","background-position":"center center","background-size":"auto","background-attachment":"scroll","background-type":"","background-media":"","overlay-type":"","overlay-color":"","overlay-opacity":"","overlay-gradient":""},"tablet":{"background-color":"var(--ast-global-color-4)","background-image":"","background-repeat":"repeat","background-position":"center center","background-size":"auto","background-attachment":"scroll","background-type":"","background-media":"","overlay-type":"","overlay-color":"","overlay-opacity":"","overlay-gradient":""},"mobile":{"background-color":"var(--ast-global-color-4)","background-image":"","background-repeat":"repeat","background-position":"center center","background-size":"auto","background-attachment":"scroll","background-type":"","background-media":"","overlay-type":"","overlay-color":"","overlay-opacity":"","overlay-gradient":""}},"footnotes":""},"class_list":["post-196","page","type-page","status-publish","hentry"],"_links":{"self":[{"href":"https:\/\/colegiohectorpinochet.cl\/index.php\/wp-json\/wp\/v2\/pages\/196","targetHints":{"allow":["GET"]}}],"collection":[{"href":"https:\/\/colegiohectorpinochet.cl\/index.php\/wp-json\/wp\/v2\/pages"}],"about":[{"href":"https:\/\/colegiohectorpinochet.cl\/index.php\/wp-json\/wp\/v2\/types\/page"}],"author":[{"embeddable":true,"href":"https:\/\/colegiohectorpinochet.cl\/index.php\/wp-json\/wp\/v2\/users\/1"}],"replies":[{"embeddable":true,"href":"https:\/\/colegiohectorpinochet.cl\/index.php\/wp-json\/wp\/v2\/comments?post=196"}],"version-history":[{"count":2,"href":"https:\/\/colegiohectorpinochet.cl\/index.php\/wp-json\/wp\/v2\/pages\/196\/revisions"}],"predecessor-version":[{"id":289,"href":"https:\/\/colegiohectorpinochet.cl\/index.php\/wp-json\/wp\/v2\/pages\/196\/revisions\/289"}],"wp:attachment":[{"href":"https:\/\/colegiohectorpinochet.cl\/index.php\/wp-json\/wp\/v2\/media?parent=196"}],"curies":[{"name":"wp","href":"https:\/\/api.w.org\/{rel}","templated":true}]}}