{"id":222,"date":"2025-04-26T01:18:55","date_gmt":"2025-04-26T01:18:55","guid":{"rendered":"https:\/\/colegiohectorpinochet.cl\/?page_id=222"},"modified":"2025-05-28T13:17:10","modified_gmt":"2025-05-28T13:17:10","slug":"convivencia-escolar-2","status":"publish","type":"page","link":"https:\/\/colegiohectorpinochet.cl\/index.php\/convivencia-escolar-2\/","title":{"rendered":"Convivencia Escolar"},"content":{"rendered":"\n<p>El departamento de convivencia escolar de la escuela Alcalde H\u00e9ctor Pinochet Cuello se preocupa principalmente por el bienestar de cada integrante de la comunidad educativa esencialmente de nuestros estudiantes.<br><br>Dentro del quehacer del departamento se encuentran acciones como:<br><br><strong>Promoci\u00f3n del buen clima escolar<\/strong><br>Mediante la ejecuci\u00f3n de diferentes planes normativos del establecimiento, se establecen acciones que tienen por objetivo promover el buen clima escolar, entre estas se encuentran; visita de profesionales de salud, carabineros, celebraci\u00f3n del d\u00eda del alumno, efem\u00e9rides importantes y otros hitos de nuestro colegio.<br><br><strong>Acompa\u00f1amiento psicol\u00f3gico.<\/strong><br>Se brinda acompa\u00f1amiento y auxilio en las diferentes necesidades que presenten los estudiantes, ya sean emocionales, an\u00edmicas, etc. Lo anterior, mediante entrevistas psicol\u00f3gicas, charlas, contenci\u00f3n emocional y acompa\u00f1amiento en crisis.<br><br><strong>Resoluci\u00f3n de conflictos<\/strong><br>A trav\u00e9s de diferentes estrategias se interviene para resolver los diferentes conflictos que se presentan en el establecimiento. Ya sean verbales, f\u00edsicos o incluso por redes sociales. De acuerdo a las estrategias establecidas por nuestro RICE, se implementan en primera instancia t\u00e9cnicas pac\u00edficas de resoluci\u00f3n de conflictos, tales como; mediaciones, arbitraje, compromiso de buena conducta, entre otros. Tambi\u00e9n se coordinan con otros departamentos las sanciones y medidas disciplinarias correspondientes.<br><br><strong>Coordinaciones con redes de apoyo<\/strong><br>Como parte de la labor del departamento de convivencia escolar, se mantienen reuniones con diferentes programas estatales y privados que influyen en el bienestar de nuestros estudiantes. Se triangula informaci\u00f3n importante y se establecen estrategias para el apoyo de cada involucrado. Desde el departamento se coordina con programas como JUNAEB, Mejor Ni\u00f1ez, PRMs, Juzgado de familia, SENDA, CESFAMs, diferentes programas gubernamentales y otros establecimientos educativos.<br><br><strong>Intervenciones con el resto de la comunidad educativa<\/strong><br>Convivencia escolar tambi\u00e9n se preocupa del bienestar de cada miembro del establecimiento y apoderada(o), realizando charlas, talleres, sesiones de acompa\u00f1amiento, activando protocolos, mediaciones, entre otras acciones.<br><\/p>\n\n\n\n<p><br><br><\/p>\n\n\n\n<p><br><\/p>\n\n\n\n<p><\/p>\n\n\n\n<p>.<\/p>\n\n\n\n<p><\/p>\n\n\n\n<p><\/p>\n\n\n\n<p><\/p>\n\n\n\n<p><\/p>\n","protected":false},"excerpt":{"rendered":"<p>El departamento de convivencia escolar de la escuela Alcalde H\u00e9ctor Pinochet Cuello se preocupa principalmente por el bienestar de cada [&hellip;]<\/p>\n","protected":false},"author":1,"featured_media":0,"parent":0,"menu_order":0,"comment_status":"closed","ping_status":"closed","template":"","meta":{"site-sidebar-layout":"default","site-content-layout":"","ast-site-content-layout":"","site-content-style":"default","site-sidebar-style":"default","ast-global-header-display":"","ast-banner-title-visibility":"","ast-main-header-display":"","ast-hfb-above-header-display":"","ast-hfb-below-header-display":"","ast-hfb-mobile-header-display":"","site-post-title":"","ast-breadcrumbs-content":"","ast-featured-img":"","footer-sml-layout":"","theme-transparent-header-meta":"","adv-header-id-meta":"","stick-header-meta":"","header-above-stick-meta":"","header-main-stick-meta":"","header-below-stick-meta":"","astra-migrate-meta-layouts":"default","ast-page-background-enabled":"default","ast-page-background-meta":{"desktop":{"background-color":"var(--ast-global-color-5)","background-image":"","background-repeat":"repeat","background-position":"center center","background-size":"auto","background-attachment":"scroll","background-type":"","background-media":"","overlay-type":"","overlay-color":"","overlay-opacity":"","overlay-gradient":""},"tablet":{"background-color":"","background-image":"","background-repeat":"repeat","background-position":"center center","background-size":"auto","background-attachment":"scroll","background-type":"","background-media":"","overlay-type":"","overlay-color":"","overlay-opacity":"","overlay-gradient":""},"mobile":{"background-color":"","background-image":"","background-repeat":"repeat","background-position":"center center","background-size":"auto","background-attachment":"scroll","background-type":"","background-media":"","overlay-type":"","overlay-color":"","overlay-opacity":"","overlay-gradient":""}},"ast-content-background-meta":{"desktop":{"background-color":"var(--ast-global-color-4)","background-image":"","background-repeat":"repeat","background-position":"center center","background-size":"auto","background-attachment":"scroll","background-type":"","background-media":"","overlay-type":"","overlay-color":"","overlay-opacity":"","overlay-gradient":""},"tablet":{"background-color":"var(--ast-global-color-4)","background-image":"","background-repeat":"repeat","background-position":"center center","background-size":"auto","background-attachment":"scroll","background-type":"","background-media":"","overlay-type":"","overlay-color":"","overlay-opacity":"","overlay-gradient":""},"mobile":{"background-color":"var(--ast-global-color-4)","background-image":"","background-repeat":"repeat","background-position":"center center","background-size":"auto","background-attachment":"scroll","background-type":"","background-media":"","overlay-type":"","overlay-color":"","overlay-opacity":"","overlay-gradient":""}},"footnotes":""},"class_list":["post-222","page","type-page","status-publish","hentry"],"_links":{"self":[{"href":"https:\/\/colegiohectorpinochet.cl\/index.php\/wp-json\/wp\/v2\/pages\/222","targetHints":{"allow":["GET"]}}],"collection":[{"href":"https:\/\/colegiohectorpinochet.cl\/index.php\/wp-json\/wp\/v2\/pages"}],"about":[{"href":"https:\/\/colegiohectorpinochet.cl\/index.php\/wp-json\/wp\/v2\/types\/page"}],"author":[{"embeddable":true,"href":"https:\/\/colegiohectorpinochet.cl\/index.php\/wp-json\/wp\/v2\/users\/1"}],"replies":[{"embeddable":true,"href":"https:\/\/colegiohectorpinochet.cl\/index.php\/wp-json\/wp\/v2\/comments?post=222"}],"version-history":[{"count":2,"href":"https:\/\/colegiohectorpinochet.cl\/index.php\/wp-json\/wp\/v2\/pages\/222\/revisions"}],"predecessor-version":[{"id":376,"href":"https:\/\/colegiohectorpinochet.cl\/index.php\/wp-json\/wp\/v2\/pages\/222\/revisions\/376"}],"wp:attachment":[{"href":"https:\/\/colegiohectorpinochet.cl\/index.php\/wp-json\/wp\/v2\/media?parent=222"}],"curies":[{"name":"wp","href":"https:\/\/api.w.org\/{rel}","templated":true}]}}