{"id":225,"date":"2025-04-26T01:18:58","date_gmt":"2025-04-26T01:18:58","guid":{"rendered":"https:\/\/colegiohectorpinochet.cl\/?page_id=225"},"modified":"2025-04-27T23:33:43","modified_gmt":"2025-04-27T23:33:43","slug":"cra","status":"publish","type":"page","link":"https:\/\/colegiohectorpinochet.cl\/index.php\/cra\/","title":{"rendered":"Biblioteca CRA &#8211; Mario Villagr\u00e1n Pinochet"},"content":{"rendered":"\n<p class=\"has-medium-font-size\">Historia<\/p>\n\n\n\n<p class=\"has-text-align-left\">La Biblioteca CRA de la Escuela H\u00e9ctor Pinochet Cuello de Linares,es un espacio educativo moderno y enriquecedor. Aunque f\u00edsicamente nos acompa\u00f1a hace bastante tiempo, el d\u00eda 22 de agosto del 2022&nbsp; fue nombrada como \u00abBIBLIOTECA&nbsp; MARIO VILLAGR\u00c1N PINOCHET\u00bb, querido profesor, poeta y figura inspiradora de nuestra comunidad. Su dedicaci\u00f3n a la ense\u00f1anza y su contribuci\u00f3n al arte po\u00e9tico perduran en la biblioteca que hoy lleva su nombre, inspirando a las nuevas generaciones a apreciar el valor del conocimiento y la creatividad.&nbsp; Este centro de aprendizaje fue creado para promover la lectura, el conocimiento y la investigaci\u00f3n en un entorno acogedor y estimulante para todos nuestros estudiantes.&nbsp;<\/p>\n\n\n\n<p>Nuestra biblioteca&nbsp; cuenta con una extensa colecci\u00f3n de libros que abarcan desde la literatura infantil y juvenil hasta textos especializados en diversas disciplinas. Adem\u00e1s, dispone de un laboratorio m\u00f3vil de ciencias y matem\u00e1ticas que permite a los alumnos experimentar y aprender de manera pr\u00e1ctica y din\u00e1mica, convirti\u00e9ndose en una herramienta invaluable para el desarrollo de habilidades cient\u00edficas y tecnol\u00f3gicas. Tambi\u00e9n ofrece una variedad de material did\u00e1ctico que apoya el aprendizaje en todas las \u00e1reas acad\u00e9micas. Se destaca la secci\u00f3n \u00abLECTURAS IMPERDIBLES\u00bb, en donde se cuenta con todo el plan de lectura domiciliaria para la totalidad de nuestros estudiantes, generando as\u00ed un acceso f\u00e1cil y r\u00e1pido a estos textos, sin un coste econ\u00f3mico, apoyando as\u00ed a toda nuestra comunidad educativa.<\/p>\n\n\n\n<p>Este espacio destaca no solo por sus recursos, sino tambi\u00e9n por su ambiente acogedor, con \u00e1reas de lectura c\u00f3modas y bien iluminadas que invitan a la concentraci\u00f3n y al disfrute de la lectura. La biblioteca tambi\u00e9n est\u00e1 organizada de manera que fomenta el trabajo colaborativo y el aprendizaje aut\u00f3nomo, permitiendo a los estudiantes explorar sus intereses de manera libre y guiada al mismo tiempo.<\/p>\n\n\n\n<p>Contar con una biblioteca escolar como esta fortalece el aprendizaje y fomenta en los estudiantes la curiosidad, la autonom\u00eda y el amor por la lectura, valores fundamentales para su desarrollo integral.\u00bb&nbsp; &nbsp;<em><strong>EDUCAR ES M\u00c1S QUE ENSE\u00d1AR<\/strong><\/em><\/p>\n\n\n\n<figure class=\"wp-block-gallery has-nested-images columns-default is-cropped wp-block-gallery-1 is-layout-flex wp-block-gallery-is-layout-flex\">\n<figure class=\"wp-block-image size-medium\"><img loading=\"lazy\" decoding=\"async\" width=\"300\" height=\"225\" data-id=\"271\" src=\"https:\/\/colegiohectorpinochet.cl\/wp-content\/uploads\/2025\/04\/482348205_4007592269559595_8083881177228003859_n-300x225.jpg\" alt=\"\" class=\"wp-image-271\" srcset=\"https:\/\/colegiohectorpinochet.cl\/wp-content\/uploads\/2025\/04\/482348205_4007592269559595_8083881177228003859_n-300x225.jpg 300w, https:\/\/colegiohectorpinochet.cl\/wp-content\/uploads\/2025\/04\/482348205_4007592269559595_8083881177228003859_n-1024x768.jpg 1024w, https:\/\/colegiohectorpinochet.cl\/wp-content\/uploads\/2025\/04\/482348205_4007592269559595_8083881177228003859_n-768x576.jpg 768w, https:\/\/colegiohectorpinochet.cl\/wp-content\/uploads\/2025\/04\/482348205_4007592269559595_8083881177228003859_n-1536x1152.jpg 1536w, https:\/\/colegiohectorpinochet.cl\/wp-content\/uploads\/2025\/04\/482348205_4007592269559595_8083881177228003859_n.jpg 2048w\" sizes=\"auto, (max-width: 300px) 100vw, 300px\" \/><\/figure>\n<\/figure>\n\n\n\n<p><\/p>\n","protected":false},"excerpt":{"rendered":"<p>Historia La Biblioteca CRA de la Escuela H\u00e9ctor Pinochet Cuello de Linares,es un espacio educativo moderno y enriquecedor. Aunque f\u00edsicamente [&hellip;]<\/p>\n","protected":false},"author":1,"featured_media":0,"parent":0,"menu_order":0,"comment_status":"closed","ping_status":"closed","template":"","meta":{"site-sidebar-layout":"default","site-content-layout":"","ast-site-content-layout":"","site-content-style":"default","site-sidebar-style":"default","ast-global-header-display":"","ast-banner-title-visibility":"","ast-main-header-display":"","ast-hfb-above-header-display":"","ast-hfb-below-header-display":"","ast-hfb-mobile-header-display":"","site-post-title":"","ast-breadcrumbs-content":"","ast-featured-img":"","footer-sml-layout":"","theme-transparent-header-meta":"","adv-header-id-meta":"","stick-header-meta":"","header-above-stick-meta":"","header-main-stick-meta":"","header-below-stick-meta":"","astra-migrate-meta-layouts":"default","ast-page-background-enabled":"default","ast-page-background-meta":{"desktop":{"background-color":"var(--ast-global-color-5)","background-image":"","background-repeat":"repeat","background-position":"center center","background-size":"auto","background-attachment":"scroll","background-type":"","background-media":"","overlay-type":"","overlay-color":"","overlay-opacity":"","overlay-gradient":""},"tablet":{"background-color":"","background-image":"","background-repeat":"repeat","background-position":"center center","background-size":"auto","background-attachment":"scroll","background-type":"","background-media":"","overlay-type":"","overlay-color":"","overlay-opacity":"","overlay-gradient":""},"mobile":{"background-color":"","background-image":"","background-repeat":"repeat","background-position":"center center","background-size":"auto","background-attachment":"scroll","background-type":"","background-media":"","overlay-type":"","overlay-color":"","overlay-opacity":"","overlay-gradient":""}},"ast-content-background-meta":{"desktop":{"background-color":"var(--ast-global-color-4)","background-image":"","background-repeat":"repeat","background-position":"center center","background-size":"auto","background-attachment":"scroll","background-type":"","background-media":"","overlay-type":"","overlay-color":"","overlay-opacity":"","overlay-gradient":""},"tablet":{"background-color":"var(--ast-global-color-4)","background-image":"","background-repeat":"repeat","background-position":"center center","background-size":"auto","background-attachment":"scroll","background-type":"","background-media":"","overlay-type":"","overlay-color":"","overlay-opacity":"","overlay-gradient":""},"mobile":{"background-color":"var(--ast-global-color-4)","background-image":"","background-repeat":"repeat","background-position":"center center","background-size":"auto","background-attachment":"scroll","background-type":"","background-media":"","overlay-type":"","overlay-color":"","overlay-opacity":"","overlay-gradient":""}},"footnotes":""},"class_list":["post-225","page","type-page","status-publish","hentry"],"_links":{"self":[{"href":"https:\/\/colegiohectorpinochet.cl\/index.php\/wp-json\/wp\/v2\/pages\/225","targetHints":{"allow":["GET"]}}],"collection":[{"href":"https:\/\/colegiohectorpinochet.cl\/index.php\/wp-json\/wp\/v2\/pages"}],"about":[{"href":"https:\/\/colegiohectorpinochet.cl\/index.php\/wp-json\/wp\/v2\/types\/page"}],"author":[{"embeddable":true,"href":"https:\/\/colegiohectorpinochet.cl\/index.php\/wp-json\/wp\/v2\/users\/1"}],"replies":[{"embeddable":true,"href":"https:\/\/colegiohectorpinochet.cl\/index.php\/wp-json\/wp\/v2\/comments?post=225"}],"version-history":[{"count":5,"href":"https:\/\/colegiohectorpinochet.cl\/index.php\/wp-json\/wp\/v2\/pages\/225\/revisions"}],"predecessor-version":[{"id":276,"href":"https:\/\/colegiohectorpinochet.cl\/index.php\/wp-json\/wp\/v2\/pages\/225\/revisions\/276"}],"wp:attachment":[{"href":"https:\/\/colegiohectorpinochet.cl\/index.php\/wp-json\/wp\/v2\/media?parent=225"}],"curies":[{"name":"wp","href":"https:\/\/api.w.org\/{rel}","templated":true}]}}