{"id":247,"date":"2025-04-26T01:22:32","date_gmt":"2025-04-26T01:22:32","guid":{"rendered":"https:\/\/colegiohectorpinochet.cl\/?page_id=247"},"modified":"2025-09-25T14:27:56","modified_gmt":"2025-09-25T14:27:56","slug":"planes","status":"publish","type":"page","link":"https:\/\/colegiohectorpinochet.cl\/index.php\/planes\/","title":{"rendered":"Planes"},"content":{"rendered":"\n<p>Plan Gesti\u00f3n Convivencia Escolar<\/p>\n\n\n\n<div class=\"wp-block-pdf-viewer-block-standard\" style=\"text-align:left\"><div class=\"uploaded-pdf\"><a href=\"https:\/\/colegiohectorpinochet.cl\/wp-content\/uploads\/2025\/05\/2025-Plan-Gestion-Convivencia-Escolar.pdf\" data-width=\"700\" data-height=\"700\"><\/a><\/div><\/div>\n\n\n\n<p>Plan de afectividad Sexualidad y G\u00e9nero<\/p>\n\n\n\n<div class=\"wp-block-pdf-viewer-block-standard\" style=\"text-align:left\"><div class=\"uploaded-pdf\"><a href=\"https:\/\/colegiohectorpinochet.cl\/wp-content\/uploads\/2025\/05\/2025-Plan-de-afectividad-Sexualidad-y-Genero.pdf\" data-width=\"700\" data-height=\"700\"><\/a><\/div><\/div>\n\n\n\n<p>Plan Integral de Seguridad Escolar<\/p>\n\n\n\n<div class=\"wp-block-pdf-viewer-block-standard\" style=\"text-align:left\"><div class=\"uploaded-pdf\"><a href=\"https:\/\/colegiohectorpinochet.cl\/wp-content\/uploads\/2025\/09\/PISE-25-09.pdf\" data-width=\"700\" data-height=\"700\"><\/a><\/div><\/div>\n\n\n\n<p>Plan de Inclusi\u00f3n Escolar<\/p>\n\n\n\n<div class=\"wp-block-pdf-viewer-block-standard\" style=\"text-align:left\"><div class=\"uploaded-pdf\"><a href=\"https:\/\/colegiohectorpinochet.cl\/wp-content\/uploads\/2025\/05\/PLAN-DE-INCLUSION-2025.pdf\" data-width=\"700\" data-height=\"700\"><\/a><\/div><\/div>\n\n\n\n<p>Plan de Formaci\u00f3n Ciudadana<\/p>\n\n\n\n<div class=\"wp-block-pdf-viewer-block-standard\" style=\"text-align:left\"><div class=\"uploaded-pdf\"><a href=\"https:\/\/colegiohectorpinochet.cl\/wp-content\/uploads\/2025\/05\/Plan-de-Formacion-Ciudadana-2025.pdf\" data-width=\"700\" data-height=\"700\"><\/a><\/div><\/div>\n\n\n\n<p>Plan Desarrollo Profesional Docente<\/p>\n\n\n\n<div class=\"wp-block-pdf-viewer-block-standard\" style=\"text-align:left\"><div class=\"uploaded-pdf\"><a href=\"https:\/\/colegiohectorpinochet.cl\/wp-content\/uploads\/2025\/05\/PLAN-DESARROLLO-PROFESIONAL-DOCENTE-2025.-1.pdf\" data-width=\"700\" data-height=\"700\"><\/a><\/div><\/div>\n","protected":false},"excerpt":{"rendered":"<p>Plan Gesti\u00f3n Convivencia Escolar Plan de afectividad Sexualidad y G\u00e9nero Plan Integral de Seguridad Escolar Plan de Inclusi\u00f3n Escolar Plan [&hellip;]<\/p>\n","protected":false},"author":1,"featured_media":0,"parent":0,"menu_order":0,"comment_status":"closed","ping_status":"closed","template":"","meta":{"site-sidebar-layout":"default","site-content-layout":"","ast-site-content-layout":"","site-content-style":"default","site-sidebar-style":"default","ast-global-header-display":"","ast-banner-title-visibility":"","ast-main-header-display":"","ast-hfb-above-header-display":"","ast-hfb-below-header-display":"","ast-hfb-mobile-header-display":"","site-post-title":"","ast-breadcrumbs-content":"","ast-featured-img":"","footer-sml-layout":"","theme-transparent-header-meta":"","adv-header-id-meta":"","stick-header-meta":"","header-above-stick-meta":"","header-main-stick-meta":"","header-below-stick-meta":"","astra-migrate-meta-layouts":"default","ast-page-background-enabled":"default","ast-page-background-meta":{"desktop":{"background-color":"var(--ast-global-color-5)","background-image":"","background-repeat":"repeat","background-position":"center center","background-size":"auto","background-attachment":"scroll","background-type":"","background-media":"","overlay-type":"","overlay-color":"","overlay-opacity":"","overlay-gradient":""},"tablet":{"background-color":"","background-image":"","background-repeat":"repeat","background-position":"center center","background-size":"auto","background-attachment":"scroll","background-type":"","background-media":"","overlay-type":"","overlay-color":"","overlay-opacity":"","overlay-gradient":""},"mobile":{"background-color":"","background-image":"","background-repeat":"repeat","background-position":"center center","background-size":"auto","background-attachment":"scroll","background-type":"","background-media":"","overlay-type":"","overlay-color":"","overlay-opacity":"","overlay-gradient":""}},"ast-content-background-meta":{"desktop":{"background-color":"var(--ast-global-color-4)","background-image":"","background-repeat":"repeat","background-position":"center center","background-size":"auto","background-attachment":"scroll","background-type":"","background-media":"","overlay-type":"","overlay-color":"","overlay-opacity":"","overlay-gradient":""},"tablet":{"background-color":"var(--ast-global-color-4)","background-image":"","background-repeat":"repeat","background-position":"center center","background-size":"auto","background-attachment":"scroll","background-type":"","background-media":"","overlay-type":"","overlay-color":"","overlay-opacity":"","overlay-gradient":""},"mobile":{"background-color":"var(--ast-global-color-4)","background-image":"","background-repeat":"repeat","background-position":"center center","background-size":"auto","background-attachment":"scroll","background-type":"","background-media":"","overlay-type":"","overlay-color":"","overlay-opacity":"","overlay-gradient":""}},"footnotes":""},"class_list":["post-247","page","type-page","status-publish","hentry"],"_links":{"self":[{"href":"https:\/\/colegiohectorpinochet.cl\/index.php\/wp-json\/wp\/v2\/pages\/247","targetHints":{"allow":["GET"]}}],"collection":[{"href":"https:\/\/colegiohectorpinochet.cl\/index.php\/wp-json\/wp\/v2\/pages"}],"about":[{"href":"https:\/\/colegiohectorpinochet.cl\/index.php\/wp-json\/wp\/v2\/types\/page"}],"author":[{"embeddable":true,"href":"https:\/\/colegiohectorpinochet.cl\/index.php\/wp-json\/wp\/v2\/users\/1"}],"replies":[{"embeddable":true,"href":"https:\/\/colegiohectorpinochet.cl\/index.php\/wp-json\/wp\/v2\/comments?post=247"}],"version-history":[{"count":13,"href":"https:\/\/colegiohectorpinochet.cl\/index.php\/wp-json\/wp\/v2\/pages\/247\/revisions"}],"predecessor-version":[{"id":401,"href":"https:\/\/colegiohectorpinochet.cl\/index.php\/wp-json\/wp\/v2\/pages\/247\/revisions\/401"}],"wp:attachment":[{"href":"https:\/\/colegiohectorpinochet.cl\/index.php\/wp-json\/wp\/v2\/media?parent=247"}],"curies":[{"name":"wp","href":"https:\/\/api.w.org\/{rel}","templated":true}]}}