{"id":369,"date":"2025-05-20T22:33:56","date_gmt":"2025-05-20T22:33:56","guid":{"rendered":"https:\/\/colegiohectorpinochet.cl\/?page_id=369"},"modified":"2025-05-28T13:45:42","modified_gmt":"2025-05-28T13:45:42","slug":"talleres","status":"publish","type":"page","link":"https:\/\/colegiohectorpinochet.cl\/index.php\/talleres\/","title":{"rendered":"Talleres"},"content":{"rendered":"\n<p class=\"has-text-align-center has-black-color has-text-color has-link-color wp-elements-ce7d2f61d4024f1ed5113612db98620a\"><strong>Taller de F\u00fatbol<\/strong><br><br>Invitamos a todos los apoderados a motivar a sus hijos a participar en nuestro Taller de F\u00fatbol, dirigido a estudiantes de 5\u00ba a 8\u00ba a\u00f1o b\u00e1sico. Este espacio est\u00e1 dise\u00f1ado no solo para mejorar las habilidades t\u00e9cnicas y t\u00e1cticas dentro del f\u00fatbol, sino tambi\u00e9n para fomentar el trabajo en equipo, el respeto, la responsabilidad y la superaci\u00f3n personal.<br><br>Invitamos a todos los apoderados a motivar a sus hijos a participar en nuestro Taller de F\u00fatbol, dirigido a estudiantes de 5\u00ba a 8\u00ba a\u00f1o b\u00e1sico. Este espacio est\u00e1 dise\u00f1ado no solo para mejorar las habilidades t\u00e9cnicas y t\u00e1cticas dentro del f\u00fatbol, sino tambi\u00e9n para fomentar el trabajo en equipo, el respeto, la responsabilidad y la superaci\u00f3n personal.<br><br>\u00a1Los esperamos con entusiasmo y ganas de aprender jugando!<strong><br><\/strong><br><\/p>\n\n\n\n<p class=\"has-text-align-center has-black-color has-text-color has-link-color wp-elements-5f931ec08fce832b6462f8ab2fd1e564\"><strong>Atletismo<\/strong><br><br>Invitamos a los apoderados a incentivar la participaci\u00f3n de sus hijos en nuestro <strong>Taller de Atletismo<\/strong>, pensado especialmente para estudiantes de <strong>5\u00ba a 8\u00ba a\u00f1o b\u00e1sico<\/strong>. Este taller busca desarrollar las capacidades f\u00edsicas de cada estudiante a trav\u00e9s de disciplinas como la velocidad, resistencia, salto y lanzamiento, en un ambiente motivador y formativo.<br><br>M\u00e1s all\u00e1 del desarrollo f\u00edsico, el atletismo promueve la <strong>disciplina, la perseverancia y el esfuerzo personal<\/strong>, valores fundamentales tanto dentro como fuera del deporte. Adem\u00e1s, este espacio servir\u00e1 como preparaci\u00f3n para futuras competencias escolares, ofreciendo a los estudiantes la posibilidad de representar a su colegio y vivir la experiencia del deporte competitivo de manera saludable y positiva.<br><br>\u00a1Una excelente oportunidad para que descubran su potencial y avancen hacia nuevos desaf\u00edos!<\/p>\n","protected":false},"excerpt":{"rendered":"<p>Taller de F\u00fatbol Invitamos a todos los apoderados a motivar a sus hijos a participar en nuestro Taller de F\u00fatbol, [&hellip;]<\/p>\n","protected":false},"author":1,"featured_media":0,"parent":0,"menu_order":0,"comment_status":"closed","ping_status":"closed","template":"","meta":{"site-sidebar-layout":"default","site-content-layout":"","ast-site-content-layout":"","site-content-style":"default","site-sidebar-style":"default","ast-global-header-display":"","ast-banner-title-visibility":"","ast-main-header-display":"","ast-hfb-above-header-display":"","ast-hfb-below-header-display":"","ast-hfb-mobile-header-display":"","site-post-title":"","ast-breadcrumbs-content":"","ast-featured-img":"","footer-sml-layout":"","theme-transparent-header-meta":"","adv-header-id-meta":"","stick-header-meta":"","header-above-stick-meta":"","header-main-stick-meta":"","header-below-stick-meta":"","astra-migrate-meta-layouts":"default","ast-page-background-enabled":"default","ast-page-background-meta":{"desktop":{"background-color":"var(--ast-global-color-5)","background-image":"","background-repeat":"repeat","background-position":"center center","background-size":"auto","background-attachment":"scroll","background-type":"","background-media":"","overlay-type":"","overlay-color":"","overlay-opacity":"","overlay-gradient":""},"tablet":{"background-color":"","background-image":"","background-repeat":"repeat","background-position":"center center","background-size":"auto","background-attachment":"scroll","background-type":"","background-media":"","overlay-type":"","overlay-color":"","overlay-opacity":"","overlay-gradient":""},"mobile":{"background-color":"","background-image":"","background-repeat":"repeat","background-position":"center center","background-size":"auto","background-attachment":"scroll","background-type":"","background-media":"","overlay-type":"","overlay-color":"","overlay-opacity":"","overlay-gradient":""}},"ast-content-background-meta":{"desktop":{"background-color":"var(--ast-global-color-4)","background-image":"","background-repeat":"repeat","background-position":"center center","background-size":"auto","background-attachment":"scroll","background-type":"","background-media":"","overlay-type":"","overlay-color":"","overlay-opacity":"","overlay-gradient":""},"tablet":{"background-color":"var(--ast-global-color-4)","background-image":"","background-repeat":"repeat","background-position":"center center","background-size":"auto","background-attachment":"scroll","background-type":"","background-media":"","overlay-type":"","overlay-color":"","overlay-opacity":"","overlay-gradient":""},"mobile":{"background-color":"var(--ast-global-color-4)","background-image":"","background-repeat":"repeat","background-position":"center center","background-size":"auto","background-attachment":"scroll","background-type":"","background-media":"","overlay-type":"","overlay-color":"","overlay-opacity":"","overlay-gradient":""}},"footnotes":""},"class_list":["post-369","page","type-page","status-publish","hentry"],"_links":{"self":[{"href":"https:\/\/colegiohectorpinochet.cl\/index.php\/wp-json\/wp\/v2\/pages\/369","targetHints":{"allow":["GET"]}}],"collection":[{"href":"https:\/\/colegiohectorpinochet.cl\/index.php\/wp-json\/wp\/v2\/pages"}],"about":[{"href":"https:\/\/colegiohectorpinochet.cl\/index.php\/wp-json\/wp\/v2\/types\/page"}],"author":[{"embeddable":true,"href":"https:\/\/colegiohectorpinochet.cl\/index.php\/wp-json\/wp\/v2\/users\/1"}],"replies":[{"embeddable":true,"href":"https:\/\/colegiohectorpinochet.cl\/index.php\/wp-json\/wp\/v2\/comments?post=369"}],"version-history":[{"count":2,"href":"https:\/\/colegiohectorpinochet.cl\/index.php\/wp-json\/wp\/v2\/pages\/369\/revisions"}],"predecessor-version":[{"id":382,"href":"https:\/\/colegiohectorpinochet.cl\/index.php\/wp-json\/wp\/v2\/pages\/369\/revisions\/382"}],"wp:attachment":[{"href":"https:\/\/colegiohectorpinochet.cl\/index.php\/wp-json\/wp\/v2\/media?parent=369"}],"curies":[{"name":"wp","href":"https:\/\/api.w.org\/{rel}","templated":true}]}}